{"id":912,"date":"2025-10-22T11:19:36","date_gmt":"2025-10-22T09:19:36","guid":{"rendered":"https:\/\/adema-apple.com\/dienstleistungen\/"},"modified":"2026-01-13T16:47:37","modified_gmt":"2026-01-13T15:47:37","slug":"dienstleistungen","status":"publish","type":"page","link":"https:\/\/adema-apple.com\/de\/dienstleistungen\/","title":{"rendered":"Dienstleistungen"},"content":{"rendered":"\t\t<div data-elementor-type=\"wp-page\" data-elementor-id=\"912\" class=\"elementor elementor-912 elementor-509\" data-elementor-post-type=\"page\">\n\t\t\t\t<div class=\"elementor-element elementor-element-5cea004 e-flex e-con-boxed e-con e-parent\" data-id=\"5cea004\" data-element_type=\"container\" data-e-type=\"container\" data-settings=\"{&quot;background_background&quot;:&quot;classic&quot;,&quot;jet_parallax_layout_list&quot;:[]}\">\n\t\t\t\t\t<div class=\"e-con-inner\">\n\t\t\t\t<div class=\"elementor-element elementor-element-163748b elementor-widget elementor-widget-heading\" data-id=\"163748b\" data-element_type=\"widget\" data-e-type=\"widget\" data-widget_type=\"heading.default\">\n\t\t\t\t<div class=\"elementor-widget-container\">\n\t\t\t\t\t<h1 class=\"elementor-heading-title elementor-size-default\">Dienstleistungen<\/h1>\t\t\t\t<\/div>\n\t\t\t\t<\/div>\n\t\t\t\t<div class=\"elementor-element elementor-element-111f4ab elementor-widget elementor-widget-heading\" data-id=\"111f4ab\" data-element_type=\"widget\" data-e-type=\"widget\" data-widget_type=\"heading.default\">\n\t\t\t\t<div class=\"elementor-widget-container\">\n\t\t\t\t\t<p class=\"elementor-heading-title elementor-size-default\">Apfel-Forschung, -Entwicklung &amp; -Management<\/p>\t\t\t\t<\/div>\n\t\t\t\t<\/div>\n\t\t\t\t<div class=\"elementor-element elementor-element-7a9baaf elementor-widget__width-initial elementor-absolute elementor-widget elementor-widget-image\" data-id=\"7a9baaf\" data-element_type=\"widget\" data-e-type=\"widget\" data-settings=\"{&quot;_position&quot;:&quot;absolute&quot;}\" data-widget_type=\"image.default\">\n\t\t\t\t<div class=\"elementor-widget-container\">\n\t\t\t\t\t\t\t\t\t\t\t\t\t\t\t<img fetchpriority=\"high\" decoding=\"async\" width=\"556\" height=\"258\" src=\"https:\/\/adema-apple.com\/wp-content\/uploads\/2025\/10\/Element-1.svg\" class=\"attachment-large size-large wp-image-884\" alt=\"Apfelblatt dunkelgr\u00fcn gespiegelt\" \/>\t\t\t\t\t\t\t\t\t\t\t\t\t\t\t<\/div>\n\t\t\t\t<\/div>\n\t\t\t\t\t<\/div>\n\t\t\t\t<\/div>\n\t\t<div class=\"elementor-element elementor-element-afc8a7b e-flex e-con-boxed e-con e-parent\" data-id=\"afc8a7b\" data-element_type=\"container\" data-e-type=\"container\" data-settings=\"{&quot;background_background&quot;:&quot;classic&quot;,&quot;jet_parallax_layout_list&quot;:[]}\">\n\t\t\t\t\t<div class=\"e-con-inner\">\n\t\t<div class=\"elementor-element elementor-element-22cc4cf e-con-full e-flex e-con e-child\" data-id=\"22cc4cf\" data-element_type=\"container\" data-e-type=\"container\" data-settings=\"{&quot;jet_parallax_layout_list&quot;:[]}\">\n\t\t\t\t<div class=\"elementor-element elementor-element-4bbfeb7 elementor-widget elementor-widget-heading\" data-id=\"4bbfeb7\" data-element_type=\"widget\" data-e-type=\"widget\" data-widget_type=\"heading.default\">\n\t\t\t\t<div class=\"elementor-widget-container\">\n\t\t\t\t\t<h2 class=\"elementor-heading-title elementor-size-default\">Dienstleistungen. BEI ADEMA BIETEN WIR UMFASSENDE DIENSTLEISTUNGEN AN, DIE AUF DIE ENTWICKLUNG UND DAS MANAGEMENT HOCHWERTIGER APFELSORTEN AUSGERICHTET SIND.<\/h2>\t\t\t\t<\/div>\n\t\t\t\t<\/div>\n\t\t\t\t<div class=\"elementor-element elementor-element-ea5f256 elementor-widget elementor-widget-text-editor\" data-id=\"ea5f256\" data-element_type=\"widget\" data-e-type=\"widget\" data-widget_type=\"text-editor.default\">\n\t\t\t\t<div class=\"elementor-widget-container\">\n\t\t\t\t\t\t\t\t\t<p>Unser Ansatz beginnt mit der sorgf\u00e4ltigen Entwicklung neuer Sorten, die einen strengen Forschungs- und Testprozess durchlaufen. Wir bewerten kontinuierlich das Potenzial jeder Sorte, um sicherzustellen, dass sie den h\u00f6chsten Qualit\u00e4tsstandards entspricht.<br>Sobald die Apfelsorten und -marken getestet und validiert sind, registrieren wir sie. Der n\u00e4chste Schritt ist die Erstellung eines ma\u00dfgeschneiderten Marketing- und Vertriebskonzepts. Und nach der Produkteinf\u00fchrung nutzen wir unser Know-how, um die Markenplatzierung zu verwalten und zu kontrollieren.<\/p><p>Mit mehr als 25 Jahren Erfahrung und einem globalen Netzwerk sind wir zuverl\u00e4ssige Fachleute, die unseren Kunden und Partnern einen erstklassigen Service bieten k\u00f6nnen. <a href=\"https:\/\/adema-apple.com\/de\/\">ADEMA<\/a> ist Ihr zuverl\u00e4ssiger Partner f\u00fcr innovative Apfelsorten und effektive Marketingstrategien.<\/p>\t\t\t\t\t\t\t\t<\/div>\n\t\t\t\t<\/div>\n\t\t\t\t<\/div>\n\t\t<div class=\"elementor-element elementor-element-37c64a2 e-con-full e-flex e-con e-child\" data-id=\"37c64a2\" data-element_type=\"container\" data-e-type=\"container\" data-settings=\"{&quot;jet_parallax_layout_list&quot;:[]}\">\n\t\t\t\t<div class=\"elementor-element elementor-element-7dc661c elementor-widget elementor-widget-image\" data-id=\"7dc661c\" data-element_type=\"widget\" data-e-type=\"widget\" data-widget_type=\"image.default\">\n\t\t\t\t<div class=\"elementor-widget-container\">\n\t\t\t\t\t\t\t\t\t\t\t\t\t\t\t<img decoding=\"async\" width=\"800\" height=\"531\" src=\"https:\/\/adema-apple.com\/wp-content\/uploads\/2025\/10\/Services-1024x680.webp\" class=\"attachment-large size-large wp-image-916\" alt=\"\u00dcber uns - J\u00fcrgen inspiziert einen Apfel\" srcset=\"https:\/\/adema-apple.com\/wp-content\/uploads\/2025\/10\/Services-1024x680.webp 1024w, https:\/\/adema-apple.com\/wp-content\/uploads\/2025\/10\/Services-300x199.webp 300w, https:\/\/adema-apple.com\/wp-content\/uploads\/2025\/10\/Services-768x510.webp 768w, https:\/\/adema-apple.com\/wp-content\/uploads\/2025\/10\/Services.webp 1280w\" sizes=\"(max-width: 800px) 100vw, 800px\" \/>\t\t\t\t\t\t\t\t\t\t\t\t\t\t\t<\/div>\n\t\t\t\t<\/div>\n\t\t\t\t<\/div>\n\t\t\t\t\t<\/div>\n\t\t\t\t<\/div>\n\t\t\t\t<\/div>\n\t\t","protected":false},"excerpt":{"rendered":"<p>Dienstleistungen Apfel-Forschung, -Entwicklung &amp; -Management Dienstleistungen. BEI ADEMA BIETEN WIR UMFASSENDE DIENSTLEISTUNGEN AN, DIE AUF DIE ENTWICKLUNG UND DAS MANAGEMENT HOCHWERTIGER APFELSORTEN AUSGERICHTET SIND. Unser Ansatz beginnt mit der sorgf\u00e4ltigen Entwicklung neuer Sorten, die einen strengen Forschungs- und Testprozess durchlaufen. Wir bewerten kontinuierlich das Potenzial jeder Sorte, um sicherzustellen, dass sie den h\u00f6chsten Qualit\u00e4tsstandards entspricht.Sobald [&hellip;]<\/p>\n","protected":false},"author":2,"featured_media":0,"parent":0,"menu_order":0,"comment_status":"closed","ping_status":"closed","template":"","meta":{"footnotes":""},"class_list":["post-912","page","type-page","status-publish","hentry"],"yoast_head":"<!-- This site is optimized with the Yoast SEO plugin v27.3 - https:\/\/yoast.com\/product\/yoast-seo-wordpress\/ -->\n<title>Dienstleistungen: Apfel-Forschung &amp; -Entwicklung - ADEMA<\/title>\n<meta name=\"description\" content=\"ADEMA bietet Dienstleistungen in der Forschung und Entwicklung neuer Apfelsorten an, von der Sortenpr\u00fcfung bis zur Markteinf\u00fchrung und dem globalen Markenmanagement.\" \/>\n<meta name=\"robots\" content=\"index, follow, max-snippet:-1, max-image-preview:large, max-video-preview:-1\" \/>\n<link rel=\"canonical\" href=\"https:\/\/adema-apple.com\/de\/dienstleistungen\/\" \/>\n<meta property=\"og:locale\" content=\"de_DE\" \/>\n<meta property=\"og:type\" content=\"article\" \/>\n<meta property=\"og:title\" content=\"Dienstleistungen: Apfel-Forschung &amp; -Entwicklung - ADEMA\" \/>\n<meta property=\"og:description\" content=\"ADEMA bietet Dienstleistungen in der Forschung und Entwicklung neuer Apfelsorten an, von der Sortenpr\u00fcfung bis zur Markteinf\u00fchrung und dem globalen Markenmanagement.\" \/>\n<meta property=\"og:url\" content=\"https:\/\/adema-apple.com\/de\/dienstleistungen\/\" \/>\n<meta property=\"og:site_name\" content=\"ADEMA\" \/>\n<meta property=\"article:modified_time\" content=\"2026-01-13T15:47:37+00:00\" \/>\n<meta property=\"og:image\" content=\"https:\/\/adema-apple.com\/wp-content\/uploads\/2025\/10\/Element-1.svg\" \/>\n<meta name=\"twitter:card\" content=\"summary_large_image\" \/>\n<script type=\"application\/ld+json\" class=\"yoast-schema-graph\">{\"@context\":\"https:\\\/\\\/schema.org\",\"@graph\":[{\"@type\":\"WebPage\",\"@id\":\"https:\\\/\\\/adema-apple.com\\\/de\\\/dienstleistungen\\\/\",\"url\":\"https:\\\/\\\/adema-apple.com\\\/de\\\/dienstleistungen\\\/\",\"name\":\"Dienstleistungen: Apfel-Forschung & -Entwicklung - ADEMA\",\"isPartOf\":{\"@id\":\"https:\\\/\\\/adema-apple.com\\\/de\\\/#website\"},\"primaryImageOfPage\":{\"@id\":\"https:\\\/\\\/adema-apple.com\\\/de\\\/dienstleistungen\\\/#primaryimage\"},\"image\":{\"@id\":\"https:\\\/\\\/adema-apple.com\\\/de\\\/dienstleistungen\\\/#primaryimage\"},\"thumbnailUrl\":\"https:\\\/\\\/adema-apple.com\\\/wp-content\\\/uploads\\\/2025\\\/10\\\/Element-1.svg\",\"datePublished\":\"2025-10-22T09:19:36+00:00\",\"dateModified\":\"2026-01-13T15:47:37+00:00\",\"description\":\"ADEMA bietet Dienstleistungen in der Forschung und Entwicklung neuer Apfelsorten an, von der Sortenpr\u00fcfung bis zur Markteinf\u00fchrung und dem globalen Markenmanagement.\",\"breadcrumb\":{\"@id\":\"https:\\\/\\\/adema-apple.com\\\/de\\\/dienstleistungen\\\/#breadcrumb\"},\"inLanguage\":\"de\",\"potentialAction\":[{\"@type\":\"ReadAction\",\"target\":[\"https:\\\/\\\/adema-apple.com\\\/de\\\/dienstleistungen\\\/\"]}]},{\"@type\":\"ImageObject\",\"inLanguage\":\"de\",\"@id\":\"https:\\\/\\\/adema-apple.com\\\/de\\\/dienstleistungen\\\/#primaryimage\",\"url\":\"https:\\\/\\\/adema-apple.com\\\/wp-content\\\/uploads\\\/2025\\\/10\\\/Element-1.svg\",\"contentUrl\":\"https:\\\/\\\/adema-apple.com\\\/wp-content\\\/uploads\\\/2025\\\/10\\\/Element-1.svg\"},{\"@type\":\"BreadcrumbList\",\"@id\":\"https:\\\/\\\/adema-apple.com\\\/de\\\/dienstleistungen\\\/#breadcrumb\",\"itemListElement\":[{\"@type\":\"ListItem\",\"position\":1,\"name\":\"Startseite\",\"item\":\"https:\\\/\\\/adema-apple.com\\\/de\\\/startseite\\\/\"},{\"@type\":\"ListItem\",\"position\":2,\"name\":\"Dienstleistungen\"}]},{\"@type\":\"WebSite\",\"@id\":\"https:\\\/\\\/adema-apple.com\\\/de\\\/#website\",\"url\":\"https:\\\/\\\/adema-apple.com\\\/de\\\/\",\"name\":\"ADEMA\",\"description\":\"Apple Entwicklung &amp; Management\",\"publisher\":{\"@id\":\"https:\\\/\\\/adema-apple.com\\\/de\\\/#organization\"},\"potentialAction\":[{\"@type\":\"SearchAction\",\"target\":{\"@type\":\"EntryPoint\",\"urlTemplate\":\"https:\\\/\\\/adema-apple.com\\\/de\\\/?s={search_term_string}\"},\"query-input\":{\"@type\":\"PropertyValueSpecification\",\"valueRequired\":true,\"valueName\":\"search_term_string\"}}],\"inLanguage\":\"de\"},{\"@type\":\"Organization\",\"@id\":\"https:\\\/\\\/adema-apple.com\\\/de\\\/#organization\",\"name\":\"ADEMA\",\"url\":\"https:\\\/\\\/adema-apple.com\\\/de\\\/\",\"logo\":{\"@type\":\"ImageObject\",\"inLanguage\":\"de\",\"@id\":\"https:\\\/\\\/adema-apple.com\\\/de\\\/#\\\/schema\\\/logo\\\/image\\\/\",\"url\":\"https:\\\/\\\/adema-apple.com\\\/wp-content\\\/uploads\\\/2024\\\/11\\\/Adema_Logo_RGB.svg\",\"contentUrl\":\"https:\\\/\\\/adema-apple.com\\\/wp-content\\\/uploads\\\/2024\\\/11\\\/Adema_Logo_RGB.svg\",\"width\":1,\"height\":1,\"caption\":\"ADEMA\"},\"image\":{\"@id\":\"https:\\\/\\\/adema-apple.com\\\/de\\\/#\\\/schema\\\/logo\\\/image\\\/\"},\"sameAs\":[\"https:\\\/\\\/www.linkedin.com\\\/in\\\/jrgen-braun-537997151\\\/\"]}]}<\/script>\n<!-- \/ Yoast SEO plugin. -->","yoast_head_json":{"title":"Dienstleistungen: Apfel-Forschung & -Entwicklung - ADEMA","description":"ADEMA bietet Dienstleistungen in der Forschung und Entwicklung neuer Apfelsorten an, von der Sortenpr\u00fcfung bis zur Markteinf\u00fchrung und dem globalen Markenmanagement.","robots":{"index":"index","follow":"follow","max-snippet":"max-snippet:-1","max-image-preview":"max-image-preview:large","max-video-preview":"max-video-preview:-1"},"canonical":"https:\/\/adema-apple.com\/de\/dienstleistungen\/","og_locale":"de_DE","og_type":"article","og_title":"Dienstleistungen: Apfel-Forschung & -Entwicklung - ADEMA","og_description":"ADEMA bietet Dienstleistungen in der Forschung und Entwicklung neuer Apfelsorten an, von der Sortenpr\u00fcfung bis zur Markteinf\u00fchrung und dem globalen Markenmanagement.","og_url":"https:\/\/adema-apple.com\/de\/dienstleistungen\/","og_site_name":"ADEMA","article_modified_time":"2026-01-13T15:47:37+00:00","og_image":[{"url":"https:\/\/adema-apple.com\/wp-content\/uploads\/2025\/10\/Element-1.svg","type":"","width":"","height":""}],"twitter_card":"summary_large_image","schema":{"@context":"https:\/\/schema.org","@graph":[{"@type":"WebPage","@id":"https:\/\/adema-apple.com\/de\/dienstleistungen\/","url":"https:\/\/adema-apple.com\/de\/dienstleistungen\/","name":"Dienstleistungen: Apfel-Forschung & -Entwicklung - ADEMA","isPartOf":{"@id":"https:\/\/adema-apple.com\/de\/#website"},"primaryImageOfPage":{"@id":"https:\/\/adema-apple.com\/de\/dienstleistungen\/#primaryimage"},"image":{"@id":"https:\/\/adema-apple.com\/de\/dienstleistungen\/#primaryimage"},"thumbnailUrl":"https:\/\/adema-apple.com\/wp-content\/uploads\/2025\/10\/Element-1.svg","datePublished":"2025-10-22T09:19:36+00:00","dateModified":"2026-01-13T15:47:37+00:00","description":"ADEMA bietet Dienstleistungen in der Forschung und Entwicklung neuer Apfelsorten an, von der Sortenpr\u00fcfung bis zur Markteinf\u00fchrung und dem globalen Markenmanagement.","breadcrumb":{"@id":"https:\/\/adema-apple.com\/de\/dienstleistungen\/#breadcrumb"},"inLanguage":"de","potentialAction":[{"@type":"ReadAction","target":["https:\/\/adema-apple.com\/de\/dienstleistungen\/"]}]},{"@type":"ImageObject","inLanguage":"de","@id":"https:\/\/adema-apple.com\/de\/dienstleistungen\/#primaryimage","url":"https:\/\/adema-apple.com\/wp-content\/uploads\/2025\/10\/Element-1.svg","contentUrl":"https:\/\/adema-apple.com\/wp-content\/uploads\/2025\/10\/Element-1.svg"},{"@type":"BreadcrumbList","@id":"https:\/\/adema-apple.com\/de\/dienstleistungen\/#breadcrumb","itemListElement":[{"@type":"ListItem","position":1,"name":"Startseite","item":"https:\/\/adema-apple.com\/de\/startseite\/"},{"@type":"ListItem","position":2,"name":"Dienstleistungen"}]},{"@type":"WebSite","@id":"https:\/\/adema-apple.com\/de\/#website","url":"https:\/\/adema-apple.com\/de\/","name":"ADEMA","description":"Apple Entwicklung &amp; Management","publisher":{"@id":"https:\/\/adema-apple.com\/de\/#organization"},"potentialAction":[{"@type":"SearchAction","target":{"@type":"EntryPoint","urlTemplate":"https:\/\/adema-apple.com\/de\/?s={search_term_string}"},"query-input":{"@type":"PropertyValueSpecification","valueRequired":true,"valueName":"search_term_string"}}],"inLanguage":"de"},{"@type":"Organization","@id":"https:\/\/adema-apple.com\/de\/#organization","name":"ADEMA","url":"https:\/\/adema-apple.com\/de\/","logo":{"@type":"ImageObject","inLanguage":"de","@id":"https:\/\/adema-apple.com\/de\/#\/schema\/logo\/image\/","url":"https:\/\/adema-apple.com\/wp-content\/uploads\/2024\/11\/Adema_Logo_RGB.svg","contentUrl":"https:\/\/adema-apple.com\/wp-content\/uploads\/2024\/11\/Adema_Logo_RGB.svg","width":1,"height":1,"caption":"ADEMA"},"image":{"@id":"https:\/\/adema-apple.com\/de\/#\/schema\/logo\/image\/"},"sameAs":["https:\/\/www.linkedin.com\/in\/jrgen-braun-537997151\/"]}]}},"_links":{"self":[{"href":"https:\/\/adema-apple.com\/de\/wp-json\/wp\/v2\/pages\/912","targetHints":{"allow":["GET"]}}],"collection":[{"href":"https:\/\/adema-apple.com\/de\/wp-json\/wp\/v2\/pages"}],"about":[{"href":"https:\/\/adema-apple.com\/de\/wp-json\/wp\/v2\/types\/page"}],"author":[{"embeddable":true,"href":"https:\/\/adema-apple.com\/de\/wp-json\/wp\/v2\/users\/2"}],"replies":[{"embeddable":true,"href":"https:\/\/adema-apple.com\/de\/wp-json\/wp\/v2\/comments?post=912"}],"version-history":[{"count":10,"href":"https:\/\/adema-apple.com\/de\/wp-json\/wp\/v2\/pages\/912\/revisions"}],"predecessor-version":[{"id":1552,"href":"https:\/\/adema-apple.com\/de\/wp-json\/wp\/v2\/pages\/912\/revisions\/1552"}],"wp:attachment":[{"href":"https:\/\/adema-apple.com\/de\/wp-json\/wp\/v2\/media?parent=912"}],"curies":[{"name":"wp","href":"https:\/\/api.w.org\/{rel}","templated":true}]}}