{"id":924,"date":"2025-10-23T10:00:32","date_gmt":"2025-10-23T08:00:32","guid":{"rendered":"https:\/\/adema-apple.com\/kontakt\/"},"modified":"2026-01-13T16:46:00","modified_gmt":"2026-01-13T15:46:00","slug":"kontakt","status":"publish","type":"page","link":"https:\/\/adema-apple.com\/de\/kontakt\/","title":{"rendered":"Kontakt"},"content":{"rendered":"\t\t<div data-elementor-type=\"wp-page\" data-elementor-id=\"924\" class=\"elementor elementor-924 elementor-593\" data-elementor-post-type=\"page\">\n\t\t\t\t<div class=\"elementor-element elementor-element-54fdaab e-flex e-con-boxed e-con e-parent\" data-id=\"54fdaab\" data-element_type=\"container\" data-e-type=\"container\" data-settings=\"{&quot;background_background&quot;:&quot;classic&quot;,&quot;jet_parallax_layout_list&quot;:[]}\">\n\t\t\t\t\t<div class=\"e-con-inner\">\n\t\t\t\t<div class=\"elementor-element elementor-element-db13c90 elementor-widget elementor-widget-heading\" data-id=\"db13c90\" data-element_type=\"widget\" data-e-type=\"widget\" data-widget_type=\"heading.default\">\n\t\t\t\t<div class=\"elementor-widget-container\">\n\t\t\t\t\t<h1 class=\"elementor-heading-title elementor-size-default\">Kontakt<\/h1>\t\t\t\t<\/div>\n\t\t\t\t<\/div>\n\t\t\t\t<div class=\"elementor-element elementor-element-972bdc3 elementor-widget elementor-widget-heading\" data-id=\"972bdc3\" data-element_type=\"widget\" data-e-type=\"widget\" data-widget_type=\"heading.default\">\n\t\t\t\t<div class=\"elementor-widget-container\">\n\t\t\t\t\t<p class=\"elementor-heading-title elementor-size-default\">Sprechen Sie mit J\u00fcrgen Braun und dem ADEMA-Team<\/p>\t\t\t\t<\/div>\n\t\t\t\t<\/div>\n\t\t\t\t<div class=\"elementor-element elementor-element-2de87ac elementor-widget__width-initial elementor-absolute elementor-widget elementor-widget-image\" data-id=\"2de87ac\" data-element_type=\"widget\" data-e-type=\"widget\" data-settings=\"{&quot;_position&quot;:&quot;absolute&quot;}\" data-widget_type=\"image.default\">\n\t\t\t\t<div class=\"elementor-widget-container\">\n\t\t\t\t\t\t\t\t\t\t\t\t\t\t\t<img fetchpriority=\"high\" decoding=\"async\" width=\"556\" height=\"258\" src=\"https:\/\/adema-apple.com\/wp-content\/uploads\/2025\/10\/Element-1.svg\" class=\"attachment-large size-large wp-image-884\" alt=\"Apfelblatt dunkelgr\u00fcn gespiegelt\" \/>\t\t\t\t\t\t\t\t\t\t\t\t\t\t\t<\/div>\n\t\t\t\t<\/div>\n\t\t\t\t\t<\/div>\n\t\t\t\t<\/div>\n\t\t<div class=\"elementor-element elementor-element-58d6d86 e-flex e-con-boxed e-con e-parent\" data-id=\"58d6d86\" data-element_type=\"container\" data-e-type=\"container\" data-settings=\"{&quot;jet_parallax_layout_list&quot;:[]}\">\n\t\t\t\t\t<div class=\"e-con-inner\">\n\t\t<div class=\"elementor-element elementor-element-21aa5f5 e-con-full e-flex e-con e-child\" data-id=\"21aa5f5\" data-element_type=\"container\" data-e-type=\"container\" data-settings=\"{&quot;jet_parallax_layout_list&quot;:[]}\">\n\t\t\t\t<div class=\"elementor-element elementor-element-1409570 elementor-widget elementor-widget-image\" data-id=\"1409570\" data-element_type=\"widget\" data-e-type=\"widget\" data-widget_type=\"image.default\">\n\t\t\t\t<div class=\"elementor-widget-container\">\n\t\t\t\t\t\t\t\t\t\t\t\t\t\t\t<img decoding=\"async\" width=\"800\" height=\"532\" src=\"https:\/\/adema-apple.com\/wp-content\/uploads\/2024\/11\/jurgen-braun-1024x681.jpg\" class=\"attachment-large size-large wp-image-927\" alt=\"Dr. J\u00fcrgen Braun sitzt auf der Bank\" srcset=\"https:\/\/adema-apple.com\/wp-content\/uploads\/2024\/11\/jurgen-braun-1024x681.jpg 1024w, https:\/\/adema-apple.com\/wp-content\/uploads\/2024\/11\/jurgen-braun-300x200.jpg 300w, https:\/\/adema-apple.com\/wp-content\/uploads\/2024\/11\/jurgen-braun-768x511.jpg 768w, https:\/\/adema-apple.com\/wp-content\/uploads\/2024\/11\/jurgen-braun.jpg 1400w\" sizes=\"(max-width: 800px) 100vw, 800px\" \/>\t\t\t\t\t\t\t\t\t\t\t\t\t\t\t<\/div>\n\t\t\t\t<\/div>\n\t\t\t\t<\/div>\n\t\t<div class=\"elementor-element elementor-element-f360801 e-con-full e-flex e-con e-child\" data-id=\"f360801\" data-element_type=\"container\" data-e-type=\"container\" data-settings=\"{&quot;jet_parallax_layout_list&quot;:[]}\">\n\t\t\t\t<div class=\"elementor-element elementor-element-9fd541d elementor-widget elementor-widget-heading\" data-id=\"9fd541d\" data-element_type=\"widget\" data-e-type=\"widget\" data-widget_type=\"heading.default\">\n\t\t\t\t<div class=\"elementor-widget-container\">\n\t\t\t\t\t<h2 class=\"elementor-heading-title elementor-size-default\">HIGH VALUE PERFORMANCE<\/h2>\t\t\t\t<\/div>\n\t\t\t\t<\/div>\n\t\t\t\t<div class=\"elementor-element elementor-element-d4cd9cd elementor-widget elementor-widget-text-editor\" data-id=\"d4cd9cd\" data-element_type=\"widget\" data-e-type=\"widget\" data-widget_type=\"text-editor.default\">\n\t\t\t\t<div class=\"elementor-widget-container\">\n\t\t\t\t\t\t\t\t\t<p><strong>B\u00fcro:<\/strong><br><a href=\"https:\/\/adema-apple.com\/de\/\">ADEMA<\/a> GmbH<br>Pillhof 3<br>I-39057 Eppan (BZ)<br>S\u00fcdtirol | Italien<\/p>\t\t\t\t\t\t\t\t<\/div>\n\t\t\t\t<\/div>\n\t\t\t\t<div class=\"elementor-element elementor-element-c1fcb15 elementor-widget elementor-widget-text-editor\" data-id=\"c1fcb15\" data-element_type=\"widget\" data-e-type=\"widget\" data-widget_type=\"text-editor.default\">\n\t\t\t\t<div class=\"elementor-widget-container\">\n\t\t\t\t\t\t\t\t\t<p><a href=\"mailto:j@adema-apple.com\">j@adema-apple.com<\/a><br><a href=\"tel:+393397994442\">Tel. <span aria-label=\"0471 660640 anrufen\">+39 0471 660 640<\/span><\/a><\/p>\t\t\t\t\t\t\t\t<\/div>\n\t\t\t\t<\/div>\n\t\t\t\t<\/div>\n\t\t\t\t\t<\/div>\n\t\t\t\t<\/div>\n\t\t\t\t<\/div>\n\t\t","protected":false},"excerpt":{"rendered":"<p>Kontakt Sprechen Sie mit J\u00fcrgen Braun und dem ADEMA-Team HIGH VALUE PERFORMANCE B\u00fcro:ADEMA GmbHPillhof 3I-39057 Eppan (BZ)S\u00fcdtirol | Italien j@adema-apple.comTel. +39 0471 660 640<\/p>\n","protected":false},"author":2,"featured_media":0,"parent":0,"menu_order":0,"comment_status":"closed","ping_status":"closed","template":"","meta":{"footnotes":""},"class_list":["post-924","page","type-page","status-publish","hentry"],"yoast_head":"<!-- This site is optimized with the Yoast SEO plugin v27.3 - https:\/\/yoast.com\/product\/yoast-seo-wordpress\/ -->\n<title>Kontakt zu ADEMA by J\u00fcrgen Braun<\/title>\n<meta name=\"description\" content=\"Wenden Sie sich an J\u00fcrgen Braun und das ADEMA-Team, wenn Sie Fragen zu Apfelsortenmanagement, Lizenzierung und Entwicklungsdienstleistungen haben. Lassen Sie uns \u00fcber Ihr Apfelgesch\u00e4ft sprechen.\" \/>\n<meta name=\"robots\" content=\"index, follow, max-snippet:-1, max-image-preview:large, max-video-preview:-1\" \/>\n<link rel=\"canonical\" href=\"https:\/\/adema-apple.com\/de\/kontakt\/\" \/>\n<meta property=\"og:locale\" content=\"de_DE\" \/>\n<meta property=\"og:type\" content=\"article\" \/>\n<meta property=\"og:title\" content=\"Kontakt zu ADEMA by J\u00fcrgen Braun\" \/>\n<meta property=\"og:description\" content=\"Wenden Sie sich an J\u00fcrgen Braun und das ADEMA-Team, wenn Sie Fragen zu Apfelsortenmanagement, Lizenzierung und Entwicklungsdienstleistungen haben. Lassen Sie uns \u00fcber Ihr Apfelgesch\u00e4ft sprechen.\" \/>\n<meta property=\"og:url\" content=\"https:\/\/adema-apple.com\/de\/kontakt\/\" \/>\n<meta property=\"og:site_name\" content=\"ADEMA\" \/>\n<meta property=\"article:modified_time\" content=\"2026-01-13T15:46:00+00:00\" \/>\n<meta property=\"og:image\" content=\"https:\/\/adema-apple.com\/wp-content\/uploads\/2025\/10\/Element-1.svg\" \/>\n<meta name=\"twitter:card\" content=\"summary_large_image\" \/>\n<script type=\"application\/ld+json\" class=\"yoast-schema-graph\">{\"@context\":\"https:\\\/\\\/schema.org\",\"@graph\":[{\"@type\":\"WebPage\",\"@id\":\"https:\\\/\\\/adema-apple.com\\\/de\\\/kontakt\\\/\",\"url\":\"https:\\\/\\\/adema-apple.com\\\/de\\\/kontakt\\\/\",\"name\":\"Kontakt zu ADEMA by J\u00fcrgen Braun\",\"isPartOf\":{\"@id\":\"https:\\\/\\\/adema-apple.com\\\/de\\\/#website\"},\"primaryImageOfPage\":{\"@id\":\"https:\\\/\\\/adema-apple.com\\\/de\\\/kontakt\\\/#primaryimage\"},\"image\":{\"@id\":\"https:\\\/\\\/adema-apple.com\\\/de\\\/kontakt\\\/#primaryimage\"},\"thumbnailUrl\":\"https:\\\/\\\/adema-apple.com\\\/wp-content\\\/uploads\\\/2025\\\/10\\\/Element-1.svg\",\"datePublished\":\"2025-10-23T08:00:32+00:00\",\"dateModified\":\"2026-01-13T15:46:00+00:00\",\"description\":\"Wenden Sie sich an J\u00fcrgen Braun und das ADEMA-Team, wenn Sie Fragen zu Apfelsortenmanagement, Lizenzierung und Entwicklungsdienstleistungen haben. Lassen Sie uns \u00fcber Ihr Apfelgesch\u00e4ft sprechen.\",\"breadcrumb\":{\"@id\":\"https:\\\/\\\/adema-apple.com\\\/de\\\/kontakt\\\/#breadcrumb\"},\"inLanguage\":\"de\",\"potentialAction\":[{\"@type\":\"ReadAction\",\"target\":[\"https:\\\/\\\/adema-apple.com\\\/de\\\/kontakt\\\/\"]}]},{\"@type\":\"ImageObject\",\"inLanguage\":\"de\",\"@id\":\"https:\\\/\\\/adema-apple.com\\\/de\\\/kontakt\\\/#primaryimage\",\"url\":\"https:\\\/\\\/adema-apple.com\\\/wp-content\\\/uploads\\\/2025\\\/10\\\/Element-1.svg\",\"contentUrl\":\"https:\\\/\\\/adema-apple.com\\\/wp-content\\\/uploads\\\/2025\\\/10\\\/Element-1.svg\"},{\"@type\":\"BreadcrumbList\",\"@id\":\"https:\\\/\\\/adema-apple.com\\\/de\\\/kontakt\\\/#breadcrumb\",\"itemListElement\":[{\"@type\":\"ListItem\",\"position\":1,\"name\":\"Startseite\",\"item\":\"https:\\\/\\\/adema-apple.com\\\/de\\\/startseite\\\/\"},{\"@type\":\"ListItem\",\"position\":2,\"name\":\"Kontakt\"}]},{\"@type\":\"WebSite\",\"@id\":\"https:\\\/\\\/adema-apple.com\\\/de\\\/#website\",\"url\":\"https:\\\/\\\/adema-apple.com\\\/de\\\/\",\"name\":\"ADEMA\",\"description\":\"Apple Entwicklung &amp; Management\",\"publisher\":{\"@id\":\"https:\\\/\\\/adema-apple.com\\\/de\\\/#organization\"},\"potentialAction\":[{\"@type\":\"SearchAction\",\"target\":{\"@type\":\"EntryPoint\",\"urlTemplate\":\"https:\\\/\\\/adema-apple.com\\\/de\\\/?s={search_term_string}\"},\"query-input\":{\"@type\":\"PropertyValueSpecification\",\"valueRequired\":true,\"valueName\":\"search_term_string\"}}],\"inLanguage\":\"de\"},{\"@type\":\"Organization\",\"@id\":\"https:\\\/\\\/adema-apple.com\\\/de\\\/#organization\",\"name\":\"ADEMA\",\"url\":\"https:\\\/\\\/adema-apple.com\\\/de\\\/\",\"logo\":{\"@type\":\"ImageObject\",\"inLanguage\":\"de\",\"@id\":\"https:\\\/\\\/adema-apple.com\\\/de\\\/#\\\/schema\\\/logo\\\/image\\\/\",\"url\":\"https:\\\/\\\/adema-apple.com\\\/wp-content\\\/uploads\\\/2024\\\/11\\\/Adema_Logo_RGB.svg\",\"contentUrl\":\"https:\\\/\\\/adema-apple.com\\\/wp-content\\\/uploads\\\/2024\\\/11\\\/Adema_Logo_RGB.svg\",\"width\":1,\"height\":1,\"caption\":\"ADEMA\"},\"image\":{\"@id\":\"https:\\\/\\\/adema-apple.com\\\/de\\\/#\\\/schema\\\/logo\\\/image\\\/\"},\"sameAs\":[\"https:\\\/\\\/www.linkedin.com\\\/in\\\/jrgen-braun-537997151\\\/\"]}]}<\/script>\n<!-- \/ Yoast SEO plugin. -->","yoast_head_json":{"title":"Kontakt zu ADEMA by J\u00fcrgen Braun","description":"Wenden Sie sich an J\u00fcrgen Braun und das ADEMA-Team, wenn Sie Fragen zu Apfelsortenmanagement, Lizenzierung und Entwicklungsdienstleistungen haben. Lassen Sie uns \u00fcber Ihr Apfelgesch\u00e4ft sprechen.","robots":{"index":"index","follow":"follow","max-snippet":"max-snippet:-1","max-image-preview":"max-image-preview:large","max-video-preview":"max-video-preview:-1"},"canonical":"https:\/\/adema-apple.com\/de\/kontakt\/","og_locale":"de_DE","og_type":"article","og_title":"Kontakt zu ADEMA by J\u00fcrgen Braun","og_description":"Wenden Sie sich an J\u00fcrgen Braun und das ADEMA-Team, wenn Sie Fragen zu Apfelsortenmanagement, Lizenzierung und Entwicklungsdienstleistungen haben. Lassen Sie uns \u00fcber Ihr Apfelgesch\u00e4ft sprechen.","og_url":"https:\/\/adema-apple.com\/de\/kontakt\/","og_site_name":"ADEMA","article_modified_time":"2026-01-13T15:46:00+00:00","og_image":[{"url":"https:\/\/adema-apple.com\/wp-content\/uploads\/2025\/10\/Element-1.svg","type":"","width":"","height":""}],"twitter_card":"summary_large_image","schema":{"@context":"https:\/\/schema.org","@graph":[{"@type":"WebPage","@id":"https:\/\/adema-apple.com\/de\/kontakt\/","url":"https:\/\/adema-apple.com\/de\/kontakt\/","name":"Kontakt zu ADEMA by J\u00fcrgen Braun","isPartOf":{"@id":"https:\/\/adema-apple.com\/de\/#website"},"primaryImageOfPage":{"@id":"https:\/\/adema-apple.com\/de\/kontakt\/#primaryimage"},"image":{"@id":"https:\/\/adema-apple.com\/de\/kontakt\/#primaryimage"},"thumbnailUrl":"https:\/\/adema-apple.com\/wp-content\/uploads\/2025\/10\/Element-1.svg","datePublished":"2025-10-23T08:00:32+00:00","dateModified":"2026-01-13T15:46:00+00:00","description":"Wenden Sie sich an J\u00fcrgen Braun und das ADEMA-Team, wenn Sie Fragen zu Apfelsortenmanagement, Lizenzierung und Entwicklungsdienstleistungen haben. Lassen Sie uns \u00fcber Ihr Apfelgesch\u00e4ft sprechen.","breadcrumb":{"@id":"https:\/\/adema-apple.com\/de\/kontakt\/#breadcrumb"},"inLanguage":"de","potentialAction":[{"@type":"ReadAction","target":["https:\/\/adema-apple.com\/de\/kontakt\/"]}]},{"@type":"ImageObject","inLanguage":"de","@id":"https:\/\/adema-apple.com\/de\/kontakt\/#primaryimage","url":"https:\/\/adema-apple.com\/wp-content\/uploads\/2025\/10\/Element-1.svg","contentUrl":"https:\/\/adema-apple.com\/wp-content\/uploads\/2025\/10\/Element-1.svg"},{"@type":"BreadcrumbList","@id":"https:\/\/adema-apple.com\/de\/kontakt\/#breadcrumb","itemListElement":[{"@type":"ListItem","position":1,"name":"Startseite","item":"https:\/\/adema-apple.com\/de\/startseite\/"},{"@type":"ListItem","position":2,"name":"Kontakt"}]},{"@type":"WebSite","@id":"https:\/\/adema-apple.com\/de\/#website","url":"https:\/\/adema-apple.com\/de\/","name":"ADEMA","description":"Apple Entwicklung &amp; Management","publisher":{"@id":"https:\/\/adema-apple.com\/de\/#organization"},"potentialAction":[{"@type":"SearchAction","target":{"@type":"EntryPoint","urlTemplate":"https:\/\/adema-apple.com\/de\/?s={search_term_string}"},"query-input":{"@type":"PropertyValueSpecification","valueRequired":true,"valueName":"search_term_string"}}],"inLanguage":"de"},{"@type":"Organization","@id":"https:\/\/adema-apple.com\/de\/#organization","name":"ADEMA","url":"https:\/\/adema-apple.com\/de\/","logo":{"@type":"ImageObject","inLanguage":"de","@id":"https:\/\/adema-apple.com\/de\/#\/schema\/logo\/image\/","url":"https:\/\/adema-apple.com\/wp-content\/uploads\/2024\/11\/Adema_Logo_RGB.svg","contentUrl":"https:\/\/adema-apple.com\/wp-content\/uploads\/2024\/11\/Adema_Logo_RGB.svg","width":1,"height":1,"caption":"ADEMA"},"image":{"@id":"https:\/\/adema-apple.com\/de\/#\/schema\/logo\/image\/"},"sameAs":["https:\/\/www.linkedin.com\/in\/jrgen-braun-537997151\/"]}]}},"_links":{"self":[{"href":"https:\/\/adema-apple.com\/de\/wp-json\/wp\/v2\/pages\/924","targetHints":{"allow":["GET"]}}],"collection":[{"href":"https:\/\/adema-apple.com\/de\/wp-json\/wp\/v2\/pages"}],"about":[{"href":"https:\/\/adema-apple.com\/de\/wp-json\/wp\/v2\/types\/page"}],"author":[{"embeddable":true,"href":"https:\/\/adema-apple.com\/de\/wp-json\/wp\/v2\/users\/2"}],"replies":[{"embeddable":true,"href":"https:\/\/adema-apple.com\/de\/wp-json\/wp\/v2\/comments?post=924"}],"version-history":[{"count":20,"href":"https:\/\/adema-apple.com\/de\/wp-json\/wp\/v2\/pages\/924\/revisions"}],"predecessor-version":[{"id":1541,"href":"https:\/\/adema-apple.com\/de\/wp-json\/wp\/v2\/pages\/924\/revisions\/1541"}],"wp:attachment":[{"href":"https:\/\/adema-apple.com\/de\/wp-json\/wp\/v2\/media?parent=924"}],"curies":[{"name":"wp","href":"https:\/\/api.w.org\/{rel}","templated":true}]}}