{"id":932,"date":"2025-10-22T11:19:00","date_gmt":"2025-10-22T09:19:00","guid":{"rendered":"https:\/\/adema-apple.com\/philosophie\/"},"modified":"2026-01-13T16:46:54","modified_gmt":"2026-01-13T15:46:54","slug":"philosophie","status":"publish","type":"page","link":"https:\/\/adema-apple.com\/de\/philosophie\/","title":{"rendered":"Philosophie"},"content":{"rendered":"\t\t<div data-elementor-type=\"wp-page\" data-elementor-id=\"932\" class=\"elementor elementor-932 elementor-502\" data-elementor-post-type=\"page\">\n\t\t\t\t<div class=\"elementor-element elementor-element-6125d79 e-flex e-con-boxed e-con e-parent\" data-id=\"6125d79\" data-element_type=\"container\" data-e-type=\"container\" data-settings=\"{&quot;background_background&quot;:&quot;classic&quot;,&quot;jet_parallax_layout_list&quot;:[]}\">\n\t\t\t\t\t<div class=\"e-con-inner\">\n\t\t\t\t<div class=\"elementor-element elementor-element-c434373 elementor-widget elementor-widget-heading\" data-id=\"c434373\" data-element_type=\"widget\" data-e-type=\"widget\" data-widget_type=\"heading.default\">\n\t\t\t\t<div class=\"elementor-widget-container\">\n\t\t\t\t\t<h1 class=\"elementor-heading-title elementor-size-default\">Premium-Apfel-<br>Sortenmanagement<\/h1>\t\t\t\t<\/div>\n\t\t\t\t<\/div>\n\t\t\t\t<div class=\"elementor-element elementor-element-4dc7d4b elementor-widget elementor-widget-heading\" data-id=\"4dc7d4b\" data-element_type=\"widget\" data-e-type=\"widget\" data-widget_type=\"heading.default\">\n\t\t\t\t<div class=\"elementor-widget-container\">\n\t\t\t\t\t<p class=\"elementor-heading-title elementor-size-default\">Unsere Philosophie<\/p>\t\t\t\t<\/div>\n\t\t\t\t<\/div>\n\t\t\t\t<div class=\"elementor-element elementor-element-bbd9ca6 elementor-widget__width-initial elementor-absolute elementor-widget elementor-widget-image\" data-id=\"bbd9ca6\" data-element_type=\"widget\" data-e-type=\"widget\" data-settings=\"{&quot;_position&quot;:&quot;absolute&quot;}\" data-widget_type=\"image.default\">\n\t\t\t\t<div class=\"elementor-widget-container\">\n\t\t\t\t\t\t\t\t\t\t\t\t\t\t\t<img fetchpriority=\"high\" decoding=\"async\" width=\"556\" height=\"258\" src=\"https:\/\/adema-apple.com\/wp-content\/uploads\/2025\/10\/Element-1.svg\" class=\"attachment-large size-large wp-image-884\" alt=\"Apfelblatt dunkelgr\u00fcn gespiegelt\" \/>\t\t\t\t\t\t\t\t\t\t\t\t\t\t\t<\/div>\n\t\t\t\t<\/div>\n\t\t\t\t\t<\/div>\n\t\t\t\t<\/div>\n\t\t<div class=\"elementor-element elementor-element-d00ae57 e-flex e-con-boxed e-con e-parent\" data-id=\"d00ae57\" data-element_type=\"container\" data-e-type=\"container\" data-settings=\"{&quot;jet_parallax_layout_list&quot;:[]}\">\n\t\t\t\t\t<div class=\"e-con-inner\">\n\t\t\t\t<div class=\"elementor-element elementor-element-a18d307 elementor-widget__width-initial elementor-widget-tablet__width-inherit elementor-widget elementor-widget-heading\" data-id=\"a18d307\" data-element_type=\"widget\" data-e-type=\"widget\" data-widget_type=\"heading.default\">\n\t\t\t\t<div class=\"elementor-widget-container\">\n\t\t\t\t\t<h2 class=\"elementor-heading-title elementor-size-default\">WIR VON ADEMA GLAUBEN, DASS\nWAHRER ERFOLG DAS ERGEBNIS DAVON IST,\nUNSERE ARBEIT ZU GENIE\u00dfEN UND\nERF\u00dcLLUNG IN IHR ZU FINDEN.<\/h2>\t\t\t\t<\/div>\n\t\t\t\t<\/div>\n\t\t\t\t\t<\/div>\n\t\t\t\t<\/div>\n\t\t<div class=\"elementor-element elementor-element-d05f9b1 e-flex e-con-boxed e-con e-parent\" data-id=\"d05f9b1\" data-element_type=\"container\" data-e-type=\"container\" data-settings=\"{&quot;background_background&quot;:&quot;classic&quot;,&quot;jet_parallax_layout_list&quot;:[]}\">\n\t\t\t\t\t<div class=\"e-con-inner\">\n\t\t<div class=\"elementor-element elementor-element-3dbf733 e-con-full e-flex e-con e-child\" data-id=\"3dbf733\" data-element_type=\"container\" data-e-type=\"container\" data-settings=\"{&quot;jet_parallax_layout_list&quot;:[]}\">\n\t\t\t\t<div class=\"elementor-element elementor-element-48dd8af elementor-widget elementor-widget-image\" data-id=\"48dd8af\" data-element_type=\"widget\" data-e-type=\"widget\" data-widget_type=\"image.default\">\n\t\t\t\t<div class=\"elementor-widget-container\">\n\t\t\t\t\t\t\t\t\t\t\t\t\t\t\t<img decoding=\"async\" width=\"800\" height=\"533\" src=\"https:\/\/adema-apple.com\/wp-content\/uploads\/2025\/11\/PAD5060-1-1024x682.webp\" class=\"attachment-large size-large wp-image-937\" alt=\"Dr. J\u00fcrgen Braun im Interview\" srcset=\"https:\/\/adema-apple.com\/wp-content\/uploads\/2025\/11\/PAD5060-1-1024x682.webp 1024w, https:\/\/adema-apple.com\/wp-content\/uploads\/2025\/11\/PAD5060-1-300x200.webp 300w, https:\/\/adema-apple.com\/wp-content\/uploads\/2025\/11\/PAD5060-1-768x511.webp 768w, https:\/\/adema-apple.com\/wp-content\/uploads\/2025\/11\/PAD5060-1-1536x1022.webp 1536w, https:\/\/adema-apple.com\/wp-content\/uploads\/2025\/11\/PAD5060-1.webp 1600w\" sizes=\"(max-width: 800px) 100vw, 800px\" \/>\t\t\t\t\t\t\t\t\t\t\t\t\t\t\t<\/div>\n\t\t\t\t<\/div>\n\t\t\t\t<\/div>\n\t\t<div class=\"elementor-element elementor-element-2ab13ad e-con-full e-flex e-con e-child\" data-id=\"2ab13ad\" data-element_type=\"container\" data-e-type=\"container\" data-settings=\"{&quot;jet_parallax_layout_list&quot;:[]}\">\n\t\t\t\t<div class=\"elementor-element elementor-element-3e08c5f elementor-widget elementor-widget-text-editor\" data-id=\"3e08c5f\" data-element_type=\"widget\" data-e-type=\"widget\" data-widget_type=\"text-editor.default\">\n\t\t\t\t<div class=\"elementor-widget-container\">\n\t\t\t\t\t\t\t\t\t<p>Wir machen dies durch unsere Professionalit\u00e4t, Zuverl\u00e4ssigkeit und umfangreiche Erfahrung und Expertise m\u00f6glich. Unser Engagement f\u00fcr Ehrlichkeit erm\u00f6glicht es uns, bei unseren Kunden und Partnern gleicherma\u00dfen Vertrauen aufzubauen. Zu unseren Kunden z\u00e4hlen Z\u00fcchter und Baumschulen, aber auch Landwirte, Genossenschaften und Vertriebsorganisationen; unsere T\u00e4tigkeit ist international. Au\u00dferdem behalten wir, obwohl unser Schwerpunkt auf B2B-Beziehungen liegt, auch B2C-Chancen aufmerksam im Blick.<\/p><p>Unser Streben nach Innovation motiviert uns, neue Ideen, Methoden und Produkte einzuf\u00fchren, die Werte schaffen und bestehende Prozesse verbessern. Wir streben nach Exzellenz, indem wir die Erwartungen unserer Partner und Kunden immer wieder \u00fcbertreffen. Authentizit\u00e4t ist das Herzst\u00fcck unserer Arbeit: Wir agieren mit Integrit\u00e4t und leben unsere Werte, um Vertrauen bei den Menschen aufzubauen, mit denen wir zusammenarbeiten.<\/p>\t\t\t\t\t\t\t\t<\/div>\n\t\t\t\t<\/div>\n\t\t\t\t<\/div>\n\t\t\t\t\t<\/div>\n\t\t\t\t<\/div>\n\t\t\t\t<\/div>\n\t\t","protected":false},"excerpt":{"rendered":"<p>Premium-Apfel-Sortenmanagement Unsere Philosophie WIR VON ADEMA GLAUBEN, DASS WAHRER ERFOLG DAS ERGEBNIS DAVON IST, UNSERE ARBEIT ZU GENIE\u00dfEN UND ERF\u00dcLLUNG IN IHR ZU FINDEN. Wir machen dies durch unsere Professionalit\u00e4t, Zuverl\u00e4ssigkeit und umfangreiche Erfahrung und Expertise m\u00f6glich. Unser Engagement f\u00fcr Ehrlichkeit erm\u00f6glicht es uns, bei unseren Kunden und Partnern gleicherma\u00dfen Vertrauen aufzubauen. Zu unseren Kunden [&hellip;]<\/p>\n","protected":false},"author":2,"featured_media":0,"parent":0,"menu_order":0,"comment_status":"closed","ping_status":"closed","template":"","meta":{"footnotes":""},"class_list":["post-932","page","type-page","status-publish","hentry"],"yoast_head":"<!-- This site is optimized with the Yoast SEO plugin v27.3 - https:\/\/yoast.com\/product\/yoast-seo-wordpress\/ -->\n<title>Philosophie: Premium-Apfel-Sortenmanagement - ADEMA<\/title>\n<meta name=\"description\" content=\"Im Mittelpunkt unserer Philosophie steht ein hochwertiges Apfelsortenmanagement, das Werte schafft. Wir glauben an langfristige Partnerschaften und erfolgreiche Sortenentwicklung.\" \/>\n<meta name=\"robots\" content=\"index, follow, max-snippet:-1, max-image-preview:large, max-video-preview:-1\" \/>\n<link rel=\"canonical\" href=\"https:\/\/adema-apple.com\/de\/philosophie\/\" \/>\n<meta property=\"og:locale\" content=\"de_DE\" \/>\n<meta property=\"og:type\" content=\"article\" \/>\n<meta property=\"og:title\" content=\"Philosophie: Premium-Apfel-Sortenmanagement - ADEMA\" \/>\n<meta property=\"og:description\" content=\"Im Mittelpunkt unserer Philosophie steht ein hochwertiges Apfelsortenmanagement, das Werte schafft. Wir glauben an langfristige Partnerschaften und erfolgreiche Sortenentwicklung.\" \/>\n<meta property=\"og:url\" content=\"https:\/\/adema-apple.com\/de\/philosophie\/\" \/>\n<meta property=\"og:site_name\" content=\"ADEMA\" \/>\n<meta property=\"article:modified_time\" content=\"2026-01-13T15:46:54+00:00\" \/>\n<meta property=\"og:image\" content=\"https:\/\/adema-apple.com\/wp-content\/uploads\/2024\/11\/adema_header.jpg\" \/>\n\t<meta property=\"og:image:width\" content=\"2000\" \/>\n\t<meta property=\"og:image:height\" content=\"1333\" \/>\n\t<meta property=\"og:image:type\" content=\"image\/jpeg\" \/>\n<meta name=\"twitter:card\" content=\"summary_large_image\" \/>\n<script type=\"application\/ld+json\" class=\"yoast-schema-graph\">{\"@context\":\"https:\\\/\\\/schema.org\",\"@graph\":[{\"@type\":\"WebPage\",\"@id\":\"https:\\\/\\\/adema-apple.com\\\/de\\\/philosophie\\\/\",\"url\":\"https:\\\/\\\/adema-apple.com\\\/de\\\/philosophie\\\/\",\"name\":\"Philosophie: Premium-Apfel-Sortenmanagement - ADEMA\",\"isPartOf\":{\"@id\":\"https:\\\/\\\/adema-apple.com\\\/de\\\/#website\"},\"primaryImageOfPage\":{\"@id\":\"https:\\\/\\\/adema-apple.com\\\/de\\\/philosophie\\\/#primaryimage\"},\"image\":{\"@id\":\"https:\\\/\\\/adema-apple.com\\\/de\\\/philosophie\\\/#primaryimage\"},\"thumbnailUrl\":\"https:\\\/\\\/adema-apple.com\\\/wp-content\\\/uploads\\\/2025\\\/10\\\/Element-1.svg\",\"datePublished\":\"2025-10-22T09:19:00+00:00\",\"dateModified\":\"2026-01-13T15:46:54+00:00\",\"description\":\"Im Mittelpunkt unserer Philosophie steht ein hochwertiges Apfelsortenmanagement, das Werte schafft. Wir glauben an langfristige Partnerschaften und erfolgreiche Sortenentwicklung.\",\"breadcrumb\":{\"@id\":\"https:\\\/\\\/adema-apple.com\\\/de\\\/philosophie\\\/#breadcrumb\"},\"inLanguage\":\"de\",\"potentialAction\":[{\"@type\":\"ReadAction\",\"target\":[\"https:\\\/\\\/adema-apple.com\\\/de\\\/philosophie\\\/\"]}]},{\"@type\":\"ImageObject\",\"inLanguage\":\"de\",\"@id\":\"https:\\\/\\\/adema-apple.com\\\/de\\\/philosophie\\\/#primaryimage\",\"url\":\"https:\\\/\\\/adema-apple.com\\\/wp-content\\\/uploads\\\/2025\\\/10\\\/Element-1.svg\",\"contentUrl\":\"https:\\\/\\\/adema-apple.com\\\/wp-content\\\/uploads\\\/2025\\\/10\\\/Element-1.svg\"},{\"@type\":\"BreadcrumbList\",\"@id\":\"https:\\\/\\\/adema-apple.com\\\/de\\\/philosophie\\\/#breadcrumb\",\"itemListElement\":[{\"@type\":\"ListItem\",\"position\":1,\"name\":\"Startseite\",\"item\":\"https:\\\/\\\/adema-apple.com\\\/de\\\/startseite\\\/\"},{\"@type\":\"ListItem\",\"position\":2,\"name\":\"Philosophie\"}]},{\"@type\":\"WebSite\",\"@id\":\"https:\\\/\\\/adema-apple.com\\\/de\\\/#website\",\"url\":\"https:\\\/\\\/adema-apple.com\\\/de\\\/\",\"name\":\"ADEMA\",\"description\":\"Apple Entwicklung &amp; Management\",\"publisher\":{\"@id\":\"https:\\\/\\\/adema-apple.com\\\/de\\\/#organization\"},\"potentialAction\":[{\"@type\":\"SearchAction\",\"target\":{\"@type\":\"EntryPoint\",\"urlTemplate\":\"https:\\\/\\\/adema-apple.com\\\/de\\\/?s={search_term_string}\"},\"query-input\":{\"@type\":\"PropertyValueSpecification\",\"valueRequired\":true,\"valueName\":\"search_term_string\"}}],\"inLanguage\":\"de\"},{\"@type\":\"Organization\",\"@id\":\"https:\\\/\\\/adema-apple.com\\\/de\\\/#organization\",\"name\":\"ADEMA\",\"url\":\"https:\\\/\\\/adema-apple.com\\\/de\\\/\",\"logo\":{\"@type\":\"ImageObject\",\"inLanguage\":\"de\",\"@id\":\"https:\\\/\\\/adema-apple.com\\\/de\\\/#\\\/schema\\\/logo\\\/image\\\/\",\"url\":\"https:\\\/\\\/adema-apple.com\\\/wp-content\\\/uploads\\\/2024\\\/11\\\/Adema_Logo_RGB.svg\",\"contentUrl\":\"https:\\\/\\\/adema-apple.com\\\/wp-content\\\/uploads\\\/2024\\\/11\\\/Adema_Logo_RGB.svg\",\"width\":1,\"height\":1,\"caption\":\"ADEMA\"},\"image\":{\"@id\":\"https:\\\/\\\/adema-apple.com\\\/de\\\/#\\\/schema\\\/logo\\\/image\\\/\"},\"sameAs\":[\"https:\\\/\\\/www.linkedin.com\\\/in\\\/jrgen-braun-537997151\\\/\"]}]}<\/script>\n<!-- \/ Yoast SEO plugin. -->","yoast_head_json":{"title":"Philosophie: Premium-Apfel-Sortenmanagement - ADEMA","description":"Im Mittelpunkt unserer Philosophie steht ein hochwertiges Apfelsortenmanagement, das Werte schafft. Wir glauben an langfristige Partnerschaften und erfolgreiche Sortenentwicklung.","robots":{"index":"index","follow":"follow","max-snippet":"max-snippet:-1","max-image-preview":"max-image-preview:large","max-video-preview":"max-video-preview:-1"},"canonical":"https:\/\/adema-apple.com\/de\/philosophie\/","og_locale":"de_DE","og_type":"article","og_title":"Philosophie: Premium-Apfel-Sortenmanagement - ADEMA","og_description":"Im Mittelpunkt unserer Philosophie steht ein hochwertiges Apfelsortenmanagement, das Werte schafft. Wir glauben an langfristige Partnerschaften und erfolgreiche Sortenentwicklung.","og_url":"https:\/\/adema-apple.com\/de\/philosophie\/","og_site_name":"ADEMA","article_modified_time":"2026-01-13T15:46:54+00:00","og_image":[{"width":2000,"height":1333,"url":"https:\/\/adema-apple.com\/wp-content\/uploads\/2024\/11\/adema_header.jpg","type":"image\/jpeg"}],"twitter_card":"summary_large_image","schema":{"@context":"https:\/\/schema.org","@graph":[{"@type":"WebPage","@id":"https:\/\/adema-apple.com\/de\/philosophie\/","url":"https:\/\/adema-apple.com\/de\/philosophie\/","name":"Philosophie: Premium-Apfel-Sortenmanagement - ADEMA","isPartOf":{"@id":"https:\/\/adema-apple.com\/de\/#website"},"primaryImageOfPage":{"@id":"https:\/\/adema-apple.com\/de\/philosophie\/#primaryimage"},"image":{"@id":"https:\/\/adema-apple.com\/de\/philosophie\/#primaryimage"},"thumbnailUrl":"https:\/\/adema-apple.com\/wp-content\/uploads\/2025\/10\/Element-1.svg","datePublished":"2025-10-22T09:19:00+00:00","dateModified":"2026-01-13T15:46:54+00:00","description":"Im Mittelpunkt unserer Philosophie steht ein hochwertiges Apfelsortenmanagement, das Werte schafft. Wir glauben an langfristige Partnerschaften und erfolgreiche Sortenentwicklung.","breadcrumb":{"@id":"https:\/\/adema-apple.com\/de\/philosophie\/#breadcrumb"},"inLanguage":"de","potentialAction":[{"@type":"ReadAction","target":["https:\/\/adema-apple.com\/de\/philosophie\/"]}]},{"@type":"ImageObject","inLanguage":"de","@id":"https:\/\/adema-apple.com\/de\/philosophie\/#primaryimage","url":"https:\/\/adema-apple.com\/wp-content\/uploads\/2025\/10\/Element-1.svg","contentUrl":"https:\/\/adema-apple.com\/wp-content\/uploads\/2025\/10\/Element-1.svg"},{"@type":"BreadcrumbList","@id":"https:\/\/adema-apple.com\/de\/philosophie\/#breadcrumb","itemListElement":[{"@type":"ListItem","position":1,"name":"Startseite","item":"https:\/\/adema-apple.com\/de\/startseite\/"},{"@type":"ListItem","position":2,"name":"Philosophie"}]},{"@type":"WebSite","@id":"https:\/\/adema-apple.com\/de\/#website","url":"https:\/\/adema-apple.com\/de\/","name":"ADEMA","description":"Apple Entwicklung &amp; Management","publisher":{"@id":"https:\/\/adema-apple.com\/de\/#organization"},"potentialAction":[{"@type":"SearchAction","target":{"@type":"EntryPoint","urlTemplate":"https:\/\/adema-apple.com\/de\/?s={search_term_string}"},"query-input":{"@type":"PropertyValueSpecification","valueRequired":true,"valueName":"search_term_string"}}],"inLanguage":"de"},{"@type":"Organization","@id":"https:\/\/adema-apple.com\/de\/#organization","name":"ADEMA","url":"https:\/\/adema-apple.com\/de\/","logo":{"@type":"ImageObject","inLanguage":"de","@id":"https:\/\/adema-apple.com\/de\/#\/schema\/logo\/image\/","url":"https:\/\/adema-apple.com\/wp-content\/uploads\/2024\/11\/Adema_Logo_RGB.svg","contentUrl":"https:\/\/adema-apple.com\/wp-content\/uploads\/2024\/11\/Adema_Logo_RGB.svg","width":1,"height":1,"caption":"ADEMA"},"image":{"@id":"https:\/\/adema-apple.com\/de\/#\/schema\/logo\/image\/"},"sameAs":["https:\/\/www.linkedin.com\/in\/jrgen-braun-537997151\/"]}]}},"_links":{"self":[{"href":"https:\/\/adema-apple.com\/de\/wp-json\/wp\/v2\/pages\/932","targetHints":{"allow":["GET"]}}],"collection":[{"href":"https:\/\/adema-apple.com\/de\/wp-json\/wp\/v2\/pages"}],"about":[{"href":"https:\/\/adema-apple.com\/de\/wp-json\/wp\/v2\/types\/page"}],"author":[{"embeddable":true,"href":"https:\/\/adema-apple.com\/de\/wp-json\/wp\/v2\/users\/2"}],"replies":[{"embeddable":true,"href":"https:\/\/adema-apple.com\/de\/wp-json\/wp\/v2\/comments?post=932"}],"version-history":[{"count":6,"href":"https:\/\/adema-apple.com\/de\/wp-json\/wp\/v2\/pages\/932\/revisions"}],"predecessor-version":[{"id":1547,"href":"https:\/\/adema-apple.com\/de\/wp-json\/wp\/v2\/pages\/932\/revisions\/1547"}],"wp:attachment":[{"href":"https:\/\/adema-apple.com\/de\/wp-json\/wp\/v2\/media?parent=932"}],"curies":[{"name":"wp","href":"https:\/\/api.w.org\/{rel}","templated":true}]}}